{"id":2115,"date":"2016-04-08T11:38:29","date_gmt":"2016-04-08T10:38:29","guid":{"rendered":"https:\/\/www.cafaggio.wine\/la-tenuta-cafaggio\/"},"modified":"2021-11-18T09:27:07","modified_gmt":"2021-11-18T07:27:07","slug":"la-tenuta-cafaggio","status":"publish","type":"page","link":"https:\/\/www.cafaggio.wine\/fr\/la-tenuta-cafaggio\/","title":{"rendered":"Le Domaine Cafaggio"},"content":{"rendered":"<p style=\"text-align: justify;\">\n<div class=\"row\">\n<div class=\"col-1\"><\/div>\n<div class=\"col-10\">Le domaine Cafaggio couvre environ 60 hectares, r\u00e9partis en 30 hectares de vignobles sp\u00e9cialis\u00e9s, environ 3 hectares d\u2019oliveraies et la partie restante en for\u00eat \u00e0 Panzano, un hameau de Greve in Chianti, immerg\u00e9 dans la \u201c<strong><em>Conca d\u2019Oro<\/em><\/strong>\u201d, reconnue comme <strong><em>l\u2019une des meilleures zones pour la production di Chianti Classico<\/em><\/strong><em><strong>.<\/strong><\/em><\/p>\n<p style=\"text-align: justify;\">Cafaggio produit quatre \u201cChianti Classico\u201d: <em><strong>Basilica Solat\u00eco Chianti Classico Gran Selezione, Basilica San Martino Chianti Classico Riserva, un Chianti Classico Riserva et un Chianti Classico. <\/strong><\/em>En outre, Cafaggio produit deux autres \u201cCru\u201d: <em><strong>Basilica del Cortaccio Cabernet Sauvignon <\/strong><\/em>et <em><strong>Basilica del Pruneto Merlot.<\/strong><\/em><\/div>\n<\/div>\n<p style=\"text-align: justify;\">\n<div class=\"row\">\n<div class=\"col-1\"><\/div>\n<div class=\"col-5\">\n<h4 style=\"text-align: justify;\">Chianti Classico Gran Selezione<\/h4>\n<h2 style=\"text-align: justify;\">Basilica Solat\u00eco<\/h2>\n<p style=\"text-align: justify;\">Basilica Solat\u00eco Chianti Classico Gran Selezione, dont le premier mill\u00e9sime a \u00e9t\u00e9 produit en 1981, rena\u00eet avec le mill\u00e9sime 2010, obtenu en vinifiant les meilleurs raisins du vignoble Solat\u00eco.<\/p>\n<p style=\"text-align: justify;\"><\/div>\n<div class=\"col-5\">\n<h4 style=\"text-align: left;\">Chianti Classico Riserva<\/h4>\n<h2 style=\"text-align: left;\">Basilica San Martino<\/h2>\n<p style=\"text-align: justify;\">La Basilica San Martino Chianti Classico Riserva a un cachet moderne, et tire son nom de l&rsquo;ancienne \u00e9glise de San Martino in Cecione \u00e0 laquelle elle \u00e9tait autrefois rattach\u00e9e.<\/p>\n<p style=\"text-align: justify;\"><\/div>\n<\/div>\n<p style=\"text-align: justify;\">\n<div class=\"row\">\n<div class=\"col-1\"><\/div>\n<div class=\"col-5\">\n<h4 style=\"text-align: justify;\">Chianti Classico Riserva<\/h4>\n<h2 style=\"text-align: justify;\">Chianti Classico Riserva<\/h2>\n<p style=\"text-align: justify;\">Le Chianti Classico Riserva est produit exclusivement \u00e0 partir de raisins de la vari\u00e9t\u00e9 Sangiovese.<\/p>\n<p style=\"text-align: justify;\"><\/div>\n<div class=\"col-5\">\n<h4 style=\"text-align: justify;\">Chianti Classico<\/h4>\n<h2 style=\"text-align: justify;\">Chianti Classico<\/h2>\n<p style=\"text-align: justify;\">Le Chianti Classico est produit exclusivement \u00e0 partir de raisins cultiv\u00e9s sur les terres du domaine entourant l\u2019entreprise.<\/p>\n<p style=\"text-align: justify;\"><\/div>\n<\/div>\n<p style=\"text-align: justify;\">\n<div class=\"row\">\n<div class=\"col-1\"><\/div>\n<div class=\"col-5\">\n<h4>Cabernet Sauvignon<\/h4>\n<h2 style=\"text-align: justify;\">Basilica del Cortaccio<\/h2>\n<p style=\"text-align: justify;\">Basilica del Cortaccio, vignoble de pr\u00e9dilection de Cafaggio de Cabernet Sauvignon synth\u00e8se d&rsquo;un terroir heureux.<\/p>\n<p style=\"text-align: justify;\"><\/div>\n<div class=\"col-5\">\n<h4>Merlot<\/h4>\n<h2 style=\"text-align: justify;\">Basilica del Pruneto<\/h2>\n<p style=\"text-align: justify;\">Basilica del Pruneto, Merlot pur, obtenu par la culture d&rsquo;une petite parcelle donnant sur la \u00ab\u00a0Conca d&rsquo;Oro\u00a0\u00bb.<\/p>\n<p style=\"text-align: justify;\"><\/div>\n<\/div>\n<p style=\"text-align: justify;\">\n<div class=\"row\">\n<div class=\"col-1\"><\/div>\n<div class=\"col-10\">\n<div id=\"links\" class=\"galleria\">\n\t<a href=\"https:\/\/www.cafaggio.wine\/wp-content\/uploads\/2021\/01\/BasilicaCafaggio-9-1500x1000.jpg\" data-gallery=\"#23846\" title=\"\" style=\"background-image: url('https:\/\/www.cafaggio.wine\/wp-content\/uploads\/2021\/01\/BasilicaCafaggio-9-750x500.jpg');\"><\/a><br \/>\n\t<a href=\"https:\/\/www.cafaggio.wine\/wp-content\/uploads\/2021\/01\/BasilicaCafaggio-8-1500x1000.jpg\" data-gallery=\"#23846\" title=\"\" style=\"background-image: url('https:\/\/www.cafaggio.wine\/wp-content\/uploads\/2021\/01\/BasilicaCafaggio-8-750x500.jpg');\"><\/a><br \/>\n\t<a href=\"https:\/\/www.cafaggio.wine\/wp-content\/uploads\/2021\/01\/BasilicaCafaggio-11-1500x1000.jpg\" data-gallery=\"#23846\" title=\"\" style=\"background-image: url('https:\/\/www.cafaggio.wine\/wp-content\/uploads\/2021\/01\/BasilicaCafaggio-11-750x500.jpg');\"><\/a><br \/>\n\t<a href=\"https:\/\/www.cafaggio.wine\/wp-content\/uploads\/2021\/01\/BasilicaCafaggio-6-1500x999.jpg\" data-gallery=\"#23846\" title=\"\" style=\"background-image: url('https:\/\/www.cafaggio.wine\/wp-content\/uploads\/2021\/01\/BasilicaCafaggio-6-750x500.jpg');\"><\/a><br \/>\n\t<a href=\"https:\/\/www.cafaggio.wine\/wp-content\/uploads\/2021\/01\/BasilicaCafaggio-4-1500x1001.jpg\" data-gallery=\"#23846\" title=\"\" style=\"background-image: url('https:\/\/www.cafaggio.wine\/wp-content\/uploads\/2021\/01\/BasilicaCafaggio-4-750x500.jpg');\"><\/a><br \/>\n\t<a href=\"https:\/\/www.cafaggio.wine\/wp-content\/uploads\/2021\/01\/BasilicaCafaggio-3-1500x1001.jpg\" data-gallery=\"#23846\" title=\"\" style=\"background-image: url('https:\/\/www.cafaggio.wine\/wp-content\/uploads\/2021\/01\/BasilicaCafaggio-3-750x500.jpg');\"><\/a><br \/>\n\t<a href=\"https:\/\/www.cafaggio.wine\/wp-content\/uploads\/2021\/01\/BasilicaCafaggio-5-1500x1000.jpg\" data-gallery=\"#23846\" title=\"\" style=\"background-image: url('https:\/\/www.cafaggio.wine\/wp-content\/uploads\/2021\/01\/BasilicaCafaggio-5-750x500.jpg');\"><\/a><br \/>\n\t<a href=\"https:\/\/www.cafaggio.wine\/wp-content\/uploads\/2021\/01\/BasilicaCafaggio-10-1500x1000.jpg\" data-gallery=\"#23846\" title=\"\" style=\"background-image: url('https:\/\/www.cafaggio.wine\/wp-content\/uploads\/2021\/01\/BasilicaCafaggio-10-750x500.jpg');\"><\/a><br \/>\n\t<a href=\"https:\/\/www.cafaggio.wine\/wp-content\/uploads\/2021\/01\/BasilicaCafaggio-7-1500x999.jpg\" data-gallery=\"#23846\" title=\"\" style=\"background-image: url('https:\/\/www.cafaggio.wine\/wp-content\/uploads\/2021\/01\/BasilicaCafaggio-7-750x500.jpg');\"><\/a><br \/>\n\t<a href=\"https:\/\/www.cafaggio.wine\/wp-content\/uploads\/2021\/01\/BasilicaCafaggio-2-1500x521.jpg\" data-gallery=\"#23846\" title=\"\" style=\"background-image: url('https:\/\/www.cafaggio.wine\/wp-content\/uploads\/2021\/01\/BasilicaCafaggio-2-800x278.jpg');\"><\/a>\n\t\t<\/div>\n<\/div>\n<\/div>\n","protected":false},"excerpt":{"rendered":"<p style=\"text-align: justify;\">\n<p style=\"text-align: justify;\">\n<p style=\"text-align: justify;\">\n<p style=\"text-align: justify;\">\n<p style=\"text-align: justify;\">\n","protected":false},"author":1,"featured_media":2117,"parent":0,"menu_order":0,"comment_status":"closed","ping_status":"closed","template":"","meta":{"footnotes":""},"class_list":["post-2115","page","type-page","status-publish","has-post-thumbnail","hentry"],"yoast_head":"<!-- This site is optimized with the Yoast SEO plugin v27.4 - https:\/\/yoast.com\/product\/yoast-seo-wordpress\/ -->\n<title>Le Domaine Cafaggio - Basilica Cafaggio<\/title>\n<meta name=\"description\" content=\"Le domaine Cafaggio est situ\u00e9 \u00e0 Greve in Chianti, immerg\u00e9 dans la &quot;Conca d&#039;Oro&quot;, reconnue comme l&#039;une des meilleures zones pour la production du Chianti Classico.\" \/>\n<meta name=\"robots\" content=\"index, follow, max-snippet:-1, max-image-preview:large, max-video-preview:-1\" \/>\n<link rel=\"canonical\" href=\"https:\/\/www.cafaggio.wine\/fr\/la-tenuta-cafaggio\/\" \/>\n<meta property=\"og:locale\" content=\"fr_FR\" \/>\n<meta property=\"og:type\" content=\"article\" \/>\n<meta property=\"og:title\" content=\"Le Domaine Cafaggio - Basilica Cafaggio\" \/>\n<meta property=\"og:description\" content=\"Le domaine Cafaggio est situ\u00e9 \u00e0 Greve in Chianti, immerg\u00e9 dans la &quot;Conca d&#039;Oro&quot;, reconnue comme l&#039;une des meilleures zones pour la production du Chianti Classico.\" \/>\n<meta property=\"og:url\" content=\"https:\/\/www.cafaggio.wine\/fr\/la-tenuta-cafaggio\/\" \/>\n<meta property=\"og:site_name\" content=\"Basilica Cafaggio\" \/>\n<meta property=\"article:modified_time\" content=\"2021-11-18T07:27:07+00:00\" \/>\n<meta property=\"og:image\" content=\"https:\/\/www.cafaggio.wine\/wp-content\/uploads\/2021\/01\/BasilicaCafaggio-13.jpg\" \/>\n\t<meta property=\"og:image:width\" content=\"2000\" \/>\n\t<meta property=\"og:image:height\" content=\"1300\" \/>\n\t<meta property=\"og:image:type\" content=\"image\/jpeg\" \/>\n<meta name=\"twitter:card\" content=\"summary_large_image\" \/>\n<meta name=\"twitter:label1\" content=\"Dur\u00e9e de lecture estim\u00e9e\" \/>\n\t<meta name=\"twitter:data1\" content=\"2 minutes\" \/>\n<script type=\"application\/ld+json\" class=\"yoast-schema-graph\">{\"@context\":\"https:\\\/\\\/schema.org\",\"@graph\":[{\"@type\":\"WebPage\",\"@id\":\"https:\\\/\\\/www.cafaggio.wine\\\/fr\\\/la-tenuta-cafaggio\\\/\",\"url\":\"https:\\\/\\\/www.cafaggio.wine\\\/fr\\\/la-tenuta-cafaggio\\\/\",\"name\":\"Le Domaine Cafaggio - Basilica Cafaggio\",\"isPartOf\":{\"@id\":\"https:\\\/\\\/www.cafaggio.wine\\\/#website\"},\"primaryImageOfPage\":{\"@id\":\"https:\\\/\\\/www.cafaggio.wine\\\/fr\\\/la-tenuta-cafaggio\\\/#primaryimage\"},\"image\":{\"@id\":\"https:\\\/\\\/www.cafaggio.wine\\\/fr\\\/la-tenuta-cafaggio\\\/#primaryimage\"},\"thumbnailUrl\":\"https:\\\/\\\/www.cafaggio.wine\\\/wp-content\\\/uploads\\\/2021\\\/01\\\/BasilicaCafaggio-13.jpg\",\"datePublished\":\"2016-04-08T10:38:29+00:00\",\"dateModified\":\"2021-11-18T07:27:07+00:00\",\"description\":\"Le domaine Cafaggio est situ\u00e9 \u00e0 Greve in Chianti, immerg\u00e9 dans la \\\"Conca d'Oro\\\", reconnue comme l'une des meilleures zones pour la production du Chianti Classico.\",\"breadcrumb\":{\"@id\":\"https:\\\/\\\/www.cafaggio.wine\\\/fr\\\/la-tenuta-cafaggio\\\/#breadcrumb\"},\"inLanguage\":\"fr-FR\",\"potentialAction\":[{\"@type\":\"ReadAction\",\"target\":[\"https:\\\/\\\/www.cafaggio.wine\\\/fr\\\/la-tenuta-cafaggio\\\/\"]}]},{\"@type\":\"ImageObject\",\"inLanguage\":\"fr-FR\",\"@id\":\"https:\\\/\\\/www.cafaggio.wine\\\/fr\\\/la-tenuta-cafaggio\\\/#primaryimage\",\"url\":\"https:\\\/\\\/www.cafaggio.wine\\\/wp-content\\\/uploads\\\/2021\\\/01\\\/BasilicaCafaggio-13.jpg\",\"contentUrl\":\"https:\\\/\\\/www.cafaggio.wine\\\/wp-content\\\/uploads\\\/2021\\\/01\\\/BasilicaCafaggio-13.jpg\",\"width\":2000,\"height\":1300},{\"@type\":\"BreadcrumbList\",\"@id\":\"https:\\\/\\\/www.cafaggio.wine\\\/fr\\\/la-tenuta-cafaggio\\\/#breadcrumb\",\"itemListElement\":[{\"@type\":\"ListItem\",\"position\":1,\"name\":\"Home\",\"item\":\"https:\\\/\\\/www.cafaggio.wine\\\/fr\\\/\"},{\"@type\":\"ListItem\",\"position\":2,\"name\":\"Le Domaine Cafaggio\"}]},{\"@type\":\"WebSite\",\"@id\":\"https:\\\/\\\/www.cafaggio.wine\\\/#website\",\"url\":\"https:\\\/\\\/www.cafaggio.wine\\\/\",\"name\":\"Basilica Cafaggio\",\"description\":\"Toscana\",\"publisher\":{\"@id\":\"https:\\\/\\\/www.cafaggio.wine\\\/#organization\"},\"potentialAction\":[{\"@type\":\"SearchAction\",\"target\":{\"@type\":\"EntryPoint\",\"urlTemplate\":\"https:\\\/\\\/www.cafaggio.wine\\\/?s={search_term_string}\"},\"query-input\":{\"@type\":\"PropertyValueSpecification\",\"valueRequired\":true,\"valueName\":\"search_term_string\"}}],\"inLanguage\":\"fr-FR\"},{\"@type\":\"Organization\",\"@id\":\"https:\\\/\\\/www.cafaggio.wine\\\/#organization\",\"name\":\"Basilica Cafaggio Srl\",\"url\":\"https:\\\/\\\/www.cafaggio.wine\\\/\",\"logo\":{\"@type\":\"ImageObject\",\"inLanguage\":\"fr-FR\",\"@id\":\"https:\\\/\\\/www.cafaggio.wine\\\/#\\\/schema\\\/logo\\\/image\\\/\",\"url\":\"http:\\\/\\\/www.cafaggio.wine\\\/wp-content\\\/uploads\\\/2016\\\/05\\\/logo.jpg\",\"contentUrl\":\"http:\\\/\\\/www.cafaggio.wine\\\/wp-content\\\/uploads\\\/2016\\\/05\\\/logo.jpg\",\"width\":525,\"height\":280,\"caption\":\"Basilica Cafaggio Srl\"},\"image\":{\"@id\":\"https:\\\/\\\/www.cafaggio.wine\\\/#\\\/schema\\\/logo\\\/image\\\/\"}}]}<\/script>\n<!-- \/ Yoast SEO plugin. -->","yoast_head_json":{"title":"Le Domaine Cafaggio - Basilica Cafaggio","description":"Le domaine Cafaggio est situ\u00e9 \u00e0 Greve in Chianti, immerg\u00e9 dans la \"Conca d'Oro\", reconnue comme l'une des meilleures zones pour la production du Chianti Classico.","robots":{"index":"index","follow":"follow","max-snippet":"max-snippet:-1","max-image-preview":"max-image-preview:large","max-video-preview":"max-video-preview:-1"},"canonical":"https:\/\/www.cafaggio.wine\/fr\/la-tenuta-cafaggio\/","og_locale":"fr_FR","og_type":"article","og_title":"Le Domaine Cafaggio - Basilica Cafaggio","og_description":"Le domaine Cafaggio est situ\u00e9 \u00e0 Greve in Chianti, immerg\u00e9 dans la \"Conca d'Oro\", reconnue comme l'une des meilleures zones pour la production du Chianti Classico.","og_url":"https:\/\/www.cafaggio.wine\/fr\/la-tenuta-cafaggio\/","og_site_name":"Basilica Cafaggio","article_modified_time":"2021-11-18T07:27:07+00:00","og_image":[{"width":2000,"height":1300,"url":"https:\/\/www.cafaggio.wine\/wp-content\/uploads\/2021\/01\/BasilicaCafaggio-13.jpg","type":"image\/jpeg"}],"twitter_card":"summary_large_image","twitter_misc":{"Dur\u00e9e de lecture estim\u00e9e":"2 minutes"},"schema":{"@context":"https:\/\/schema.org","@graph":[{"@type":"WebPage","@id":"https:\/\/www.cafaggio.wine\/fr\/la-tenuta-cafaggio\/","url":"https:\/\/www.cafaggio.wine\/fr\/la-tenuta-cafaggio\/","name":"Le Domaine Cafaggio - Basilica Cafaggio","isPartOf":{"@id":"https:\/\/www.cafaggio.wine\/#website"},"primaryImageOfPage":{"@id":"https:\/\/www.cafaggio.wine\/fr\/la-tenuta-cafaggio\/#primaryimage"},"image":{"@id":"https:\/\/www.cafaggio.wine\/fr\/la-tenuta-cafaggio\/#primaryimage"},"thumbnailUrl":"https:\/\/www.cafaggio.wine\/wp-content\/uploads\/2021\/01\/BasilicaCafaggio-13.jpg","datePublished":"2016-04-08T10:38:29+00:00","dateModified":"2021-11-18T07:27:07+00:00","description":"Le domaine Cafaggio est situ\u00e9 \u00e0 Greve in Chianti, immerg\u00e9 dans la \"Conca d'Oro\", reconnue comme l'une des meilleures zones pour la production du Chianti Classico.","breadcrumb":{"@id":"https:\/\/www.cafaggio.wine\/fr\/la-tenuta-cafaggio\/#breadcrumb"},"inLanguage":"fr-FR","potentialAction":[{"@type":"ReadAction","target":["https:\/\/www.cafaggio.wine\/fr\/la-tenuta-cafaggio\/"]}]},{"@type":"ImageObject","inLanguage":"fr-FR","@id":"https:\/\/www.cafaggio.wine\/fr\/la-tenuta-cafaggio\/#primaryimage","url":"https:\/\/www.cafaggio.wine\/wp-content\/uploads\/2021\/01\/BasilicaCafaggio-13.jpg","contentUrl":"https:\/\/www.cafaggio.wine\/wp-content\/uploads\/2021\/01\/BasilicaCafaggio-13.jpg","width":2000,"height":1300},{"@type":"BreadcrumbList","@id":"https:\/\/www.cafaggio.wine\/fr\/la-tenuta-cafaggio\/#breadcrumb","itemListElement":[{"@type":"ListItem","position":1,"name":"Home","item":"https:\/\/www.cafaggio.wine\/fr\/"},{"@type":"ListItem","position":2,"name":"Le Domaine Cafaggio"}]},{"@type":"WebSite","@id":"https:\/\/www.cafaggio.wine\/#website","url":"https:\/\/www.cafaggio.wine\/","name":"Basilica Cafaggio","description":"Toscana","publisher":{"@id":"https:\/\/www.cafaggio.wine\/#organization"},"potentialAction":[{"@type":"SearchAction","target":{"@type":"EntryPoint","urlTemplate":"https:\/\/www.cafaggio.wine\/?s={search_term_string}"},"query-input":{"@type":"PropertyValueSpecification","valueRequired":true,"valueName":"search_term_string"}}],"inLanguage":"fr-FR"},{"@type":"Organization","@id":"https:\/\/www.cafaggio.wine\/#organization","name":"Basilica Cafaggio Srl","url":"https:\/\/www.cafaggio.wine\/","logo":{"@type":"ImageObject","inLanguage":"fr-FR","@id":"https:\/\/www.cafaggio.wine\/#\/schema\/logo\/image\/","url":"http:\/\/www.cafaggio.wine\/wp-content\/uploads\/2016\/05\/logo.jpg","contentUrl":"http:\/\/www.cafaggio.wine\/wp-content\/uploads\/2016\/05\/logo.jpg","width":525,"height":280,"caption":"Basilica Cafaggio Srl"},"image":{"@id":"https:\/\/www.cafaggio.wine\/#\/schema\/logo\/image\/"}}]}},"_links":{"self":[{"href":"https:\/\/www.cafaggio.wine\/fr\/wp-json\/wp\/v2\/pages\/2115","targetHints":{"allow":["GET"]}}],"collection":[{"href":"https:\/\/www.cafaggio.wine\/fr\/wp-json\/wp\/v2\/pages"}],"about":[{"href":"https:\/\/www.cafaggio.wine\/fr\/wp-json\/wp\/v2\/types\/page"}],"author":[{"embeddable":true,"href":"https:\/\/www.cafaggio.wine\/fr\/wp-json\/wp\/v2\/users\/1"}],"replies":[{"embeddable":true,"href":"https:\/\/www.cafaggio.wine\/fr\/wp-json\/wp\/v2\/comments?post=2115"}],"version-history":[{"count":0,"href":"https:\/\/www.cafaggio.wine\/fr\/wp-json\/wp\/v2\/pages\/2115\/revisions"}],"wp:featuredmedia":[{"embeddable":true,"href":"https:\/\/www.cafaggio.wine\/fr\/wp-json\/wp\/v2\/media\/2117"}],"wp:attachment":[{"href":"https:\/\/www.cafaggio.wine\/fr\/wp-json\/wp\/v2\/media?parent=2115"}],"curies":[{"name":"wp","href":"https:\/\/api.w.org\/{rel}","templated":true}]}}