{"id":4484,"date":"2024-10-24T10:30:20","date_gmt":"2024-10-24T08:30:20","guid":{"rendered":"https:\/\/www.cafaggio.wine\/unser-team\/"},"modified":"2026-02-10T10:32:59","modified_gmt":"2026-02-10T08:32:59","slug":"unser-team","status":"publish","type":"page","link":"https:\/\/www.cafaggio.wine\/de\/unser-team\/","title":{"rendered":"Unser Team"},"content":{"rendered":"<p style=\"text-align: left;\">\n<div class=\"row\">\n<div class=\"col-1\"><\/div>\n<div class=\"col-10\"> Verwurzelt im Herzen des Chianti Classico, ist unser Team tief mit diesem Gebiet verbunden und repr\u00e4sentiert seine Seele. Wir kennen jeden Weinberg, jedes Mikroklima und jede Nuance unseres Landes. Diese tiefe Verbindung erm\u00f6glicht es uns, einzigartige Weine zu kreieren, die die Geschichte und Sch\u00f6nheit eines au\u00dfergew\u00f6hnlichen Gebiets erz\u00e4hlen.\u00a0<\/div>\n<\/div>\n<p style=\"text-align: justify;\">\n<div class=\"row\">\n<div class=\"col-1\"><\/div>\n<div class=\"col-5\">\n<h2 style=\"text-align: justify;\">Alessandro Dal Bianco<\/h2>\n<h4 style=\"text-align: justify;\">Der Gesch\u00e4ftsf\u00fchrer<\/h4>\n<p><img decoding=\"async\" src=\"http:\/\/www.cafaggio.wine\/wp-content\/uploads\/2026\/02\/CADE0C1-750x500.jpg\"><\/p>\n<p>&nbsp;<\/p>\n<p style=\"text-align: justify;\"><\/div>\n<div class=\"col-5\">\n<h2 style=\"text-align: left;\">Francesco Baldacci<\/h2>\n<h4 style=\"text-align: left;\">\u00d6nologe &#8211; Produktionsleiter<\/h4>\n<p style=\"text-align: justify;\">\u00a0<img decoding=\"async\" src=\"http:\/\/www.cafaggio.wine\/wp-content\/uploads\/2024\/10\/Francesco-Baldacci-334x500.jpg\"><\/p>\n<p style=\"text-align: justify;\"><\/div>\n<\/div>\n<p style=\"text-align: justify;\">\n<div class=\"row\">\n<div class=\"col-1\"><\/div>\n<div class=\"col-5\">\n<h2 style=\"text-align: justify;\">Alice Santonocito<\/h2>\n<h4 style=\"text-align: justify;\">Weinbauleiterin<\/h4>\n<p style=\"text-align: justify;\"><img decoding=\"async\" src=\"http:\/\/www.cafaggio.wine\/wp-content\/uploads\/2024\/10\/Alice-Santonocito-334x500.jpg\"><\/p>\n<p style=\"text-align: justify;\"><\/div>\n<div class=\"col-5\">\n<p style=\"text-align: justify;\"><\/div>\n<\/div>\n<p style=\"text-align: justify;\">\n<div class=\"row\">\n<div class=\"col-1\"><\/div>\n<div class=\"col-5\">\n<h2 style=\"text-align: justify;\">Maria Giovanna Borgianni<\/h2>\n<h4>Verwaltungsleiterin<\/h4>\n<p style=\"text-align: justify;\"><img decoding=\"async\" src=\"http:\/\/www.cafaggio.wine\/wp-content\/uploads\/2024\/10\/Maria-Giovanna-Borgianni-334x500.jpg\"><\/p>\n<p style=\"text-align: justify;\"><\/div>\n<div class=\"col-5\">\n<h2 style=\"text-align: justify;\">Irene Cantini<\/h2>\n<h4>Marktleiterin Italien &#8211; Einzelhandel<\/h4>\n<p style=\"text-align: justify;\"><img decoding=\"async\" src=\"http:\/\/www.cafaggio.wine\/wp-content\/uploads\/2024\/10\/Irene-Cantini-334x500.jpg\"><\/p>\n<p style=\"text-align: justify;\"><\/div>\n<\/div>\n<p style=\"text-align: justify;\">\n<div class=\"row\">\n<div class=\"col-1\"><\/div>\n<div class=\"col-5\">\n<h2 style=\"text-align: justify;\">Benedetta Fabiani<\/h2>\n<h4 style=\"text-align: justify;\">Einkaufsleiterin &#8211; Einzelhandel<\/h4>\n<p><img decoding=\"async\" src=\"http:\/\/www.cafaggio.wine\/wp-content\/uploads\/2024\/10\/Benedetta-Fabiani-334x500.jpg\"><\/p>\n<p style=\"text-align: justify;\"><\/div>\n<div class=\"col-5\">\n<p style=\"text-align: justify;\">\n<div class=\"row\"><\/div>\n<div class=\"col-1\"><\/div>\n<\/div>\n<div class=\"col-10\">\n<\/div>\n<\/div>\n","protected":false},"excerpt":{"rendered":"<p style=\"text-align: left;\">\n<p style=\"text-align: justify;\">\n<p style=\"text-align: justify;\">\n<p style=\"text-align: justify;\">\n<p style=\"text-align: justify;\">\n","protected":false},"author":1,"featured_media":1924,"parent":0,"menu_order":0,"comment_status":"closed","ping_status":"closed","template":"","meta":{"footnotes":""},"class_list":["post-4484","page","type-page","status-publish","has-post-thumbnail","hentry"],"yoast_head":"<!-- This site is optimized with the Yoast SEO plugin v27.4 - https:\/\/yoast.com\/product\/yoast-seo-wordpress\/ -->\n<title>Unser Team - Basilica Cafaggio<\/title>\n<meta name=\"description\" content=\"Verwurzelt im Herzen des Chianti Classico, ist unser Team tief mit diesem Gebiet verbunden und verk\u00f6rpert seinen Geist.\" \/>\n<meta name=\"robots\" content=\"index, follow, max-snippet:-1, max-image-preview:large, max-video-preview:-1\" \/>\n<link rel=\"canonical\" href=\"https:\/\/www.cafaggio.wine\/de\/unser-team\/\" \/>\n<meta property=\"og:locale\" content=\"de_DE\" \/>\n<meta property=\"og:type\" content=\"article\" \/>\n<meta property=\"og:title\" content=\"Unser Team - Basilica Cafaggio\" \/>\n<meta property=\"og:description\" content=\"Verwurzelt im Herzen des Chianti Classico, ist unser Team tief mit diesem Gebiet verbunden und verk\u00f6rpert seinen Geist.\" \/>\n<meta property=\"og:url\" content=\"https:\/\/www.cafaggio.wine\/de\/unser-team\/\" \/>\n<meta property=\"og:site_name\" content=\"Basilica Cafaggio\" \/>\n<meta property=\"article:modified_time\" content=\"2026-02-10T08:32:59+00:00\" \/>\n<meta property=\"og:image\" content=\"https:\/\/www.cafaggio.wine\/wp-content\/uploads\/2021\/01\/BasilicaCafaggio-12.jpg\" \/>\n\t<meta property=\"og:image:width\" content=\"2000\" \/>\n\t<meta property=\"og:image:height\" content=\"1300\" \/>\n\t<meta property=\"og:image:type\" content=\"image\/jpeg\" \/>\n<meta name=\"twitter:card\" content=\"summary_large_image\" \/>\n<meta name=\"twitter:label1\" content=\"Gesch\u00e4tzte Lesezeit\" \/>\n\t<meta name=\"twitter:data1\" content=\"2\u00a0Minuten\" \/>\n<script type=\"application\/ld+json\" class=\"yoast-schema-graph\">{\"@context\":\"https:\\\/\\\/schema.org\",\"@graph\":[{\"@type\":\"WebPage\",\"@id\":\"https:\\\/\\\/www.cafaggio.wine\\\/de\\\/unser-team\\\/\",\"url\":\"https:\\\/\\\/www.cafaggio.wine\\\/de\\\/unser-team\\\/\",\"name\":\"Unser Team - Basilica Cafaggio\",\"isPartOf\":{\"@id\":\"https:\\\/\\\/www.cafaggio.wine\\\/#website\"},\"primaryImageOfPage\":{\"@id\":\"https:\\\/\\\/www.cafaggio.wine\\\/de\\\/unser-team\\\/#primaryimage\"},\"image\":{\"@id\":\"https:\\\/\\\/www.cafaggio.wine\\\/de\\\/unser-team\\\/#primaryimage\"},\"thumbnailUrl\":\"https:\\\/\\\/www.cafaggio.wine\\\/wp-content\\\/uploads\\\/2021\\\/01\\\/BasilicaCafaggio-12.jpg\",\"datePublished\":\"2024-10-24T08:30:20+00:00\",\"dateModified\":\"2026-02-10T08:32:59+00:00\",\"description\":\"Verwurzelt im Herzen des Chianti Classico, ist unser Team tief mit diesem Gebiet verbunden und verk\u00f6rpert seinen Geist.\",\"breadcrumb\":{\"@id\":\"https:\\\/\\\/www.cafaggio.wine\\\/de\\\/unser-team\\\/#breadcrumb\"},\"inLanguage\":\"de\",\"potentialAction\":[{\"@type\":\"ReadAction\",\"target\":[\"https:\\\/\\\/www.cafaggio.wine\\\/de\\\/unser-team\\\/\"]}]},{\"@type\":\"ImageObject\",\"inLanguage\":\"de\",\"@id\":\"https:\\\/\\\/www.cafaggio.wine\\\/de\\\/unser-team\\\/#primaryimage\",\"url\":\"https:\\\/\\\/www.cafaggio.wine\\\/wp-content\\\/uploads\\\/2021\\\/01\\\/BasilicaCafaggio-12.jpg\",\"contentUrl\":\"https:\\\/\\\/www.cafaggio.wine\\\/wp-content\\\/uploads\\\/2021\\\/01\\\/BasilicaCafaggio-12.jpg\",\"width\":2000,\"height\":1300},{\"@type\":\"BreadcrumbList\",\"@id\":\"https:\\\/\\\/www.cafaggio.wine\\\/de\\\/unser-team\\\/#breadcrumb\",\"itemListElement\":[{\"@type\":\"ListItem\",\"position\":1,\"name\":\"Home\",\"item\":\"https:\\\/\\\/www.cafaggio.wine\\\/de\\\/\"},{\"@type\":\"ListItem\",\"position\":2,\"name\":\"Unser Team\"}]},{\"@type\":\"WebSite\",\"@id\":\"https:\\\/\\\/www.cafaggio.wine\\\/#website\",\"url\":\"https:\\\/\\\/www.cafaggio.wine\\\/\",\"name\":\"Basilica Cafaggio\",\"description\":\"Toscana\",\"publisher\":{\"@id\":\"https:\\\/\\\/www.cafaggio.wine\\\/#organization\"},\"potentialAction\":[{\"@type\":\"SearchAction\",\"target\":{\"@type\":\"EntryPoint\",\"urlTemplate\":\"https:\\\/\\\/www.cafaggio.wine\\\/?s={search_term_string}\"},\"query-input\":{\"@type\":\"PropertyValueSpecification\",\"valueRequired\":true,\"valueName\":\"search_term_string\"}}],\"inLanguage\":\"de\"},{\"@type\":\"Organization\",\"@id\":\"https:\\\/\\\/www.cafaggio.wine\\\/#organization\",\"name\":\"Basilica Cafaggio Srl\",\"url\":\"https:\\\/\\\/www.cafaggio.wine\\\/\",\"logo\":{\"@type\":\"ImageObject\",\"inLanguage\":\"de\",\"@id\":\"https:\\\/\\\/www.cafaggio.wine\\\/#\\\/schema\\\/logo\\\/image\\\/\",\"url\":\"http:\\\/\\\/www.cafaggio.wine\\\/wp-content\\\/uploads\\\/2016\\\/05\\\/logo.jpg\",\"contentUrl\":\"http:\\\/\\\/www.cafaggio.wine\\\/wp-content\\\/uploads\\\/2016\\\/05\\\/logo.jpg\",\"width\":525,\"height\":280,\"caption\":\"Basilica Cafaggio Srl\"},\"image\":{\"@id\":\"https:\\\/\\\/www.cafaggio.wine\\\/#\\\/schema\\\/logo\\\/image\\\/\"}}]}<\/script>\n<!-- \/ Yoast SEO plugin. -->","yoast_head_json":{"title":"Unser Team - Basilica Cafaggio","description":"Verwurzelt im Herzen des Chianti Classico, ist unser Team tief mit diesem Gebiet verbunden und verk\u00f6rpert seinen Geist.","robots":{"index":"index","follow":"follow","max-snippet":"max-snippet:-1","max-image-preview":"max-image-preview:large","max-video-preview":"max-video-preview:-1"},"canonical":"https:\/\/www.cafaggio.wine\/de\/unser-team\/","og_locale":"de_DE","og_type":"article","og_title":"Unser Team - Basilica Cafaggio","og_description":"Verwurzelt im Herzen des Chianti Classico, ist unser Team tief mit diesem Gebiet verbunden und verk\u00f6rpert seinen Geist.","og_url":"https:\/\/www.cafaggio.wine\/de\/unser-team\/","og_site_name":"Basilica Cafaggio","article_modified_time":"2026-02-10T08:32:59+00:00","og_image":[{"width":2000,"height":1300,"url":"https:\/\/www.cafaggio.wine\/wp-content\/uploads\/2021\/01\/BasilicaCafaggio-12.jpg","type":"image\/jpeg"}],"twitter_card":"summary_large_image","twitter_misc":{"Gesch\u00e4tzte Lesezeit":"2\u00a0Minuten"},"schema":{"@context":"https:\/\/schema.org","@graph":[{"@type":"WebPage","@id":"https:\/\/www.cafaggio.wine\/de\/unser-team\/","url":"https:\/\/www.cafaggio.wine\/de\/unser-team\/","name":"Unser Team - Basilica Cafaggio","isPartOf":{"@id":"https:\/\/www.cafaggio.wine\/#website"},"primaryImageOfPage":{"@id":"https:\/\/www.cafaggio.wine\/de\/unser-team\/#primaryimage"},"image":{"@id":"https:\/\/www.cafaggio.wine\/de\/unser-team\/#primaryimage"},"thumbnailUrl":"https:\/\/www.cafaggio.wine\/wp-content\/uploads\/2021\/01\/BasilicaCafaggio-12.jpg","datePublished":"2024-10-24T08:30:20+00:00","dateModified":"2026-02-10T08:32:59+00:00","description":"Verwurzelt im Herzen des Chianti Classico, ist unser Team tief mit diesem Gebiet verbunden und verk\u00f6rpert seinen Geist.","breadcrumb":{"@id":"https:\/\/www.cafaggio.wine\/de\/unser-team\/#breadcrumb"},"inLanguage":"de","potentialAction":[{"@type":"ReadAction","target":["https:\/\/www.cafaggio.wine\/de\/unser-team\/"]}]},{"@type":"ImageObject","inLanguage":"de","@id":"https:\/\/www.cafaggio.wine\/de\/unser-team\/#primaryimage","url":"https:\/\/www.cafaggio.wine\/wp-content\/uploads\/2021\/01\/BasilicaCafaggio-12.jpg","contentUrl":"https:\/\/www.cafaggio.wine\/wp-content\/uploads\/2021\/01\/BasilicaCafaggio-12.jpg","width":2000,"height":1300},{"@type":"BreadcrumbList","@id":"https:\/\/www.cafaggio.wine\/de\/unser-team\/#breadcrumb","itemListElement":[{"@type":"ListItem","position":1,"name":"Home","item":"https:\/\/www.cafaggio.wine\/de\/"},{"@type":"ListItem","position":2,"name":"Unser Team"}]},{"@type":"WebSite","@id":"https:\/\/www.cafaggio.wine\/#website","url":"https:\/\/www.cafaggio.wine\/","name":"Basilica Cafaggio","description":"Toscana","publisher":{"@id":"https:\/\/www.cafaggio.wine\/#organization"},"potentialAction":[{"@type":"SearchAction","target":{"@type":"EntryPoint","urlTemplate":"https:\/\/www.cafaggio.wine\/?s={search_term_string}"},"query-input":{"@type":"PropertyValueSpecification","valueRequired":true,"valueName":"search_term_string"}}],"inLanguage":"de"},{"@type":"Organization","@id":"https:\/\/www.cafaggio.wine\/#organization","name":"Basilica Cafaggio Srl","url":"https:\/\/www.cafaggio.wine\/","logo":{"@type":"ImageObject","inLanguage":"de","@id":"https:\/\/www.cafaggio.wine\/#\/schema\/logo\/image\/","url":"http:\/\/www.cafaggio.wine\/wp-content\/uploads\/2016\/05\/logo.jpg","contentUrl":"http:\/\/www.cafaggio.wine\/wp-content\/uploads\/2016\/05\/logo.jpg","width":525,"height":280,"caption":"Basilica Cafaggio Srl"},"image":{"@id":"https:\/\/www.cafaggio.wine\/#\/schema\/logo\/image\/"}}]}},"_links":{"self":[{"href":"https:\/\/www.cafaggio.wine\/de\/wp-json\/wp\/v2\/pages\/4484","targetHints":{"allow":["GET"]}}],"collection":[{"href":"https:\/\/www.cafaggio.wine\/de\/wp-json\/wp\/v2\/pages"}],"about":[{"href":"https:\/\/www.cafaggio.wine\/de\/wp-json\/wp\/v2\/types\/page"}],"author":[{"embeddable":true,"href":"https:\/\/www.cafaggio.wine\/de\/wp-json\/wp\/v2\/users\/1"}],"replies":[{"embeddable":true,"href":"https:\/\/www.cafaggio.wine\/de\/wp-json\/wp\/v2\/comments?post=4484"}],"version-history":[{"count":3,"href":"https:\/\/www.cafaggio.wine\/de\/wp-json\/wp\/v2\/pages\/4484\/revisions"}],"predecessor-version":[{"id":4833,"href":"https:\/\/www.cafaggio.wine\/de\/wp-json\/wp\/v2\/pages\/4484\/revisions\/4833"}],"wp:featuredmedia":[{"embeddable":true,"href":"https:\/\/www.cafaggio.wine\/de\/wp-json\/wp\/v2\/media\/1924"}],"wp:attachment":[{"href":"https:\/\/www.cafaggio.wine\/de\/wp-json\/wp\/v2\/media?parent=4484"}],"curies":[{"name":"wp","href":"https:\/\/api.w.org\/{rel}","templated":true}]}}