{"id":428,"date":"2016-04-08T11:38:29","date_gmt":"2016-04-08T10:38:29","guid":{"rendered":"https:\/\/www.cafaggio.wine\/de\/la-tenuta-cafaggio\/"},"modified":"2021-11-17T16:18:43","modified_gmt":"2021-11-17T14:18:43","slug":"das-gut-cafaggio","status":"publish","type":"page","link":"https:\/\/www.cafaggio.wine\/de\/das-gut-cafaggio\/","title":{"rendered":"Das Weingut Cafaggio"},"content":{"rendered":"<p style=\"text-align: justify;\">\n<div class=\"row\">\n<div class=\"col-1\"><\/div>\n<div class=\"col-10\">Das <em>Weingut\u00a0Cafaggio<\/em> erstreckt sich \u00fcber etwa 60 Hektar, die in 30 Hektar spezialisierte Weinberge und etwa 3 Hektar Olivenhain aufgeteilt sind; das restliche Anwesen ist waldbewachsen. Es liegt in <em>Panzano<\/em>, einem Ortsteil von Greve in Chianti, inmitten\u00a0der \u201e<strong>Conca d\u2019Oro<\/strong>\u201c (Goldene Mulde), die als <strong>bestes Anbaugebiet des Chianti Classico<\/strong> gilt.<\/p>\n<div class=\"page\" title=\"Page 5\">\n<div class=\"section\">\n<div class=\"layoutArea\">\n<div class=\"column\">\n<p>Basilica Cafaggio stellt vier Chianti Classico-Weine her:\u00a0<em><strong>Basilica Solat\u00eco Chianti Classico Riserva<\/strong><\/em>, <em><strong>Basilica San Martino Chianti Classico Riserva<\/strong><\/em>,\u00a0<em><strong>Chianti Classico Riserva<\/strong><\/em> und\u00a0<em><strong>Chianti Classico<\/strong><\/em>. Cafaggio\u00a0stellt auch zwei \u201cCrus\u201d her: <em><strong>Basilica del Cortaccio Cabernet Sauvignon<\/strong><\/em> und <em><strong>Basilica del Pruneto Merlot.<\/strong><\/em><\/div>\n<\/div>\n<\/div>\n<\/div>\n<\/div>\n<\/div>\n<p style=\"text-align: justify;\">\n<div class=\"row\">\n<div class=\"col-1\"><\/div>\n<div class=\"col-5\">\n<h4 style=\"text-align: justify;\">Chianti Classico Riserva<\/h4>\n<h2 style=\"text-align: justify;\">Basilica Solat\u00eco<\/h2>\n<div class=\"page\" title=\"Page 5\">\n<div class=\"section\">\n<div class=\"layoutArea\">\n<div class=\"column\">\n<p>Der Basilica Solat\u00eco Chianti Classico Riserva, dessen erster Jahrgang auf 1981 zur\u00fcckreicht, ist mit dem Jahrgang 2010 wieder aufgelebt, in dem die besten Trauben des Weinbergs Solat\u00eco zur Entfaltung kamen.<\/p>\n<\/div>\n<\/div>\n<\/div>\n<\/div>\n<p style=\"text-align: justify;\"><\/div>\n<div class=\"col-5\">\n<h4 style=\"text-align: left;\">Chianti Classico Riserva<\/h4>\n<h2 style=\"text-align: left;\">Basilica San Martino<\/h2>\n<div class=\"page\" title=\"Page 5\">\n<div class=\"section\">\n<div class=\"layoutArea\">\n<div class=\"column\">\n<p>Der Basilica San Martino Chianti Classico Riserva ist ein Chianti Classico Riserva mit modernem Timbre. Er verdankt seinen Namen der uralten Kirche San Martino in Cecione, zu der er einstmals geh\u00f6rte.<\/p>\n<\/div>\n<\/div>\n<\/div>\n<\/div>\n<p style=\"text-align: justify;\"><\/div>\n<\/div>\n<p style=\"text-align: justify;\">\n<div class=\"row\">\n<div class=\"col-1\"><\/div>\n<div class=\"col-5\">\n<h4 style=\"text-align: justify;\">Chianti Classico\u00a0Riserva<\/h4>\n<h2 style=\"text-align: justify;\">Chianti Classico Riserva<\/h2>\n<div class=\"page\" title=\"Page 5\">\n<div class=\"section\">\n<div class=\"layoutArea\">\n<div class=\"column\">\n<p>Der Chianti Classico Riserva wird\u00a0ausschlie\u00dflich aus Trauben der Rebsorte Sangiovese gewonnen.<\/p>\n<\/div>\n<\/div>\n<\/div>\n<\/div>\n<p style=\"text-align: justify;\"><\/div>\n<div class=\"col-5\">\n<h4 style=\"text-align: justify;\">Chianti Classico<\/h4>\n<h2 style=\"text-align: justify;\">Chianti Classico<\/h2>\n<div class=\"page\" title=\"Page 5\">\n<div class=\"section\">\n<div class=\"layoutArea\">\n<div class=\"column\">\n<p>Der Chianti Classico wird\u00a0ausschlie\u00dflich aus Trauben der gutseigenen Weinbergen rund um das Weingut gewonnen.<\/p>\n<\/div>\n<\/div>\n<\/div>\n<\/div>\n<p style=\"text-align: justify;\"><\/div>\n<\/div>\n<p style=\"text-align: justify;\">\n<div class=\"row\">\n<div class=\"col-1\"><\/div>\n<div class=\"col-5\">\n<h4>Cabernet Sauvignon<\/h4>\n<h2 style=\"text-align: justify;\">Basilica del Cortaccio<\/h2>\n<div class=\"page\" title=\"Page 5\">\n<div class=\"section\">\n<div class=\"layoutArea\">\n<div class=\"column\">\n<p>Der Basilica del Cortaccio stammt aus einem privilegierten Weinberg in Cafaggio aus Cabernet Sauvignon, Synthese eines gl\u00fccklichen \u201eterroir\u201c.<\/p>\n<\/div>\n<\/div>\n<\/div>\n<\/div>\n<p style=\"text-align: justify;\"><\/div>\n<div class=\"col-5\">\n<h4>Merlot<\/h4>\n<h2 style=\"text-align: justify;\">Basilica del Pruneto<\/h2>\n<div class=\"page\" title=\"Page 5\">\n<div class=\"section\">\n<div class=\"layoutArea\">\n<div class=\"column\">\n<p>Der Basilica del Pruneto ist ein reiner Merlot, gewonnen aus der Bewirtschaftung eines kleinen Landst\u00fccks, das auf die \u201eConca d\u2019Oro\u201c blickt.<\/p>\n<\/div>\n<\/div>\n<\/div>\n<\/div>\n<p style=\"text-align: justify;\"><\/div>\n<\/div>\n<p style=\"text-align: justify;\">\n<div class=\"row\">\n<div class=\"col-1\"><\/div>\n<div class=\"col-10\">\n<div id=\"links\" class=\"galleria\">\n\t<a href=\"https:\/\/www.cafaggio.wine\/wp-content\/uploads\/2016\/04\/A1237358-1.jpg\" data-gallery=\"#74006\" title=\"\" style=\"background-image: url('https:\/\/www.cafaggio.wine\/wp-content\/uploads\/2016\/04\/A1237358-1-667x500.jpg');\"><\/a><br \/>\n\t<a href=\"https:\/\/www.cafaggio.wine\/wp-content\/uploads\/2016\/04\/A1237394.jpg\" data-gallery=\"#74006\" title=\"\" style=\"background-image: url('https:\/\/www.cafaggio.wine\/wp-content\/uploads\/2016\/04\/A1237394-667x500.jpg');\"><\/a><br \/>\n\t<a href=\"https:\/\/www.cafaggio.wine\/wp-content\/uploads\/2016\/04\/A1237441.jpg\" data-gallery=\"#74006\" title=\"\" style=\"background-image: url('https:\/\/www.cafaggio.wine\/wp-content\/uploads\/2016\/04\/A1237441-667x500.jpg');\"><\/a><br \/>\n\t<a href=\"https:\/\/www.cafaggio.wine\/wp-content\/uploads\/2016\/04\/A1237453.jpg\" data-gallery=\"#74006\" title=\"\" style=\"background-image: url('https:\/\/www.cafaggio.wine\/wp-content\/uploads\/2016\/04\/A1237453-667x500.jpg');\"><\/a><br \/>\n\t<a href=\"https:\/\/www.cafaggio.wine\/wp-content\/uploads\/2016\/04\/A1237460.jpg\" data-gallery=\"#74006\" title=\"\" style=\"background-image: url('https:\/\/www.cafaggio.wine\/wp-content\/uploads\/2016\/04\/A1237460-667x500.jpg');\"><\/a><br \/>\n\t<a href=\"https:\/\/www.cafaggio.wine\/wp-content\/uploads\/2016\/04\/A1237550.jpg\" data-gallery=\"#74006\" title=\"\" style=\"background-image: url('https:\/\/www.cafaggio.wine\/wp-content\/uploads\/2016\/04\/A1237550-667x500.jpg');\"><\/a><br \/>\n\t<a href=\"https:\/\/www.cafaggio.wine\/wp-content\/uploads\/2016\/04\/A1237651.jpg\" data-gallery=\"#74006\" title=\"\" style=\"background-image: url('https:\/\/www.cafaggio.wine\/wp-content\/uploads\/2016\/04\/A1237651-667x500.jpg');\"><\/a><br \/>\n\t<a href=\"https:\/\/www.cafaggio.wine\/wp-content\/uploads\/2016\/04\/A1237696.jpg\" data-gallery=\"#74006\" title=\"\" style=\"background-image: url('https:\/\/www.cafaggio.wine\/wp-content\/uploads\/2016\/04\/A1237696-375x500.jpg');\"><\/a><br \/>\n\t<a href=\"https:\/\/www.cafaggio.wine\/wp-content\/uploads\/2016\/04\/A1237716.jpg\" data-gallery=\"#74006\" title=\"\" style=\"background-image: url('https:\/\/www.cafaggio.wine\/wp-content\/uploads\/2016\/04\/A1237716-667x500.jpg');\"><\/a><br \/>\n\t<a href=\"https:\/\/www.cafaggio.wine\/wp-content\/uploads\/2016\/04\/A1237722.jpg\" data-gallery=\"#74006\" title=\"\" style=\"background-image: url('https:\/\/www.cafaggio.wine\/wp-content\/uploads\/2016\/04\/A1237722-667x500.jpg');\"><\/a>\n\t\t<\/div>\n<\/div>\n<\/div>\n","protected":false},"excerpt":{"rendered":"<p style=\"text-align: justify;\">\n<p style=\"text-align: justify;\">\n<p style=\"text-align: justify;\">\n<p style=\"text-align: justify;\">\n<p style=\"text-align: justify;\">\n","protected":false},"author":1,"featured_media":1927,"parent":0,"menu_order":0,"comment_status":"closed","ping_status":"closed","template":"","meta":{"footnotes":""},"class_list":["post-428","page","type-page","status-publish","has-post-thumbnail","hentry"],"yoast_head":"<!-- This site is optimized with the Yoast SEO plugin v27.4 - https:\/\/yoast.com\/product\/yoast-seo-wordpress\/ -->\n<title>Das Weingut Cafaggio - Basilica Cafaggio<\/title>\n<meta name=\"robots\" content=\"index, follow, max-snippet:-1, max-image-preview:large, max-video-preview:-1\" \/>\n<link rel=\"canonical\" href=\"https:\/\/www.cafaggio.wine\/de\/das-gut-cafaggio\/\" \/>\n<meta property=\"og:locale\" content=\"de_DE\" \/>\n<meta property=\"og:type\" content=\"article\" \/>\n<meta property=\"og:title\" content=\"Das Weingut Cafaggio - Basilica Cafaggio\" \/>\n<meta property=\"og:url\" content=\"https:\/\/www.cafaggio.wine\/de\/das-gut-cafaggio\/\" \/>\n<meta property=\"og:site_name\" content=\"Basilica Cafaggio\" \/>\n<meta property=\"article:modified_time\" content=\"2021-11-17T14:18:43+00:00\" \/>\n<meta property=\"og:image\" content=\"https:\/\/www.cafaggio.wine\/wp-content\/uploads\/2021\/01\/BasilicaCafaggio-13.jpg\" \/>\n\t<meta property=\"og:image:width\" content=\"2000\" \/>\n\t<meta property=\"og:image:height\" content=\"1300\" \/>\n\t<meta property=\"og:image:type\" content=\"image\/jpeg\" \/>\n<meta name=\"twitter:card\" content=\"summary_large_image\" \/>\n<meta name=\"twitter:label1\" content=\"Gesch\u00e4tzte Lesezeit\" \/>\n\t<meta name=\"twitter:data1\" content=\"2\u00a0Minuten\" \/>\n<script type=\"application\/ld+json\" class=\"yoast-schema-graph\">{\"@context\":\"https:\\\/\\\/schema.org\",\"@graph\":[{\"@type\":\"WebPage\",\"@id\":\"https:\\\/\\\/www.cafaggio.wine\\\/de\\\/das-gut-cafaggio\\\/\",\"url\":\"https:\\\/\\\/www.cafaggio.wine\\\/de\\\/das-gut-cafaggio\\\/\",\"name\":\"Das Weingut Cafaggio - Basilica Cafaggio\",\"isPartOf\":{\"@id\":\"https:\\\/\\\/www.cafaggio.wine\\\/#website\"},\"primaryImageOfPage\":{\"@id\":\"https:\\\/\\\/www.cafaggio.wine\\\/de\\\/das-gut-cafaggio\\\/#primaryimage\"},\"image\":{\"@id\":\"https:\\\/\\\/www.cafaggio.wine\\\/de\\\/das-gut-cafaggio\\\/#primaryimage\"},\"thumbnailUrl\":\"https:\\\/\\\/www.cafaggio.wine\\\/wp-content\\\/uploads\\\/2021\\\/01\\\/BasilicaCafaggio-13.jpg\",\"datePublished\":\"2016-04-08T10:38:29+00:00\",\"dateModified\":\"2021-11-17T14:18:43+00:00\",\"breadcrumb\":{\"@id\":\"https:\\\/\\\/www.cafaggio.wine\\\/de\\\/das-gut-cafaggio\\\/#breadcrumb\"},\"inLanguage\":\"de\",\"potentialAction\":[{\"@type\":\"ReadAction\",\"target\":[\"https:\\\/\\\/www.cafaggio.wine\\\/de\\\/das-gut-cafaggio\\\/\"]}]},{\"@type\":\"ImageObject\",\"inLanguage\":\"de\",\"@id\":\"https:\\\/\\\/www.cafaggio.wine\\\/de\\\/das-gut-cafaggio\\\/#primaryimage\",\"url\":\"https:\\\/\\\/www.cafaggio.wine\\\/wp-content\\\/uploads\\\/2021\\\/01\\\/BasilicaCafaggio-13.jpg\",\"contentUrl\":\"https:\\\/\\\/www.cafaggio.wine\\\/wp-content\\\/uploads\\\/2021\\\/01\\\/BasilicaCafaggio-13.jpg\",\"width\":2000,\"height\":1300},{\"@type\":\"BreadcrumbList\",\"@id\":\"https:\\\/\\\/www.cafaggio.wine\\\/de\\\/das-gut-cafaggio\\\/#breadcrumb\",\"itemListElement\":[{\"@type\":\"ListItem\",\"position\":1,\"name\":\"Home\",\"item\":\"https:\\\/\\\/www.cafaggio.wine\\\/de\\\/\"},{\"@type\":\"ListItem\",\"position\":2,\"name\":\"Das Weingut Cafaggio\"}]},{\"@type\":\"WebSite\",\"@id\":\"https:\\\/\\\/www.cafaggio.wine\\\/#website\",\"url\":\"https:\\\/\\\/www.cafaggio.wine\\\/\",\"name\":\"Basilica Cafaggio\",\"description\":\"Toscana\",\"publisher\":{\"@id\":\"https:\\\/\\\/www.cafaggio.wine\\\/#organization\"},\"potentialAction\":[{\"@type\":\"SearchAction\",\"target\":{\"@type\":\"EntryPoint\",\"urlTemplate\":\"https:\\\/\\\/www.cafaggio.wine\\\/?s={search_term_string}\"},\"query-input\":{\"@type\":\"PropertyValueSpecification\",\"valueRequired\":true,\"valueName\":\"search_term_string\"}}],\"inLanguage\":\"de\"},{\"@type\":\"Organization\",\"@id\":\"https:\\\/\\\/www.cafaggio.wine\\\/#organization\",\"name\":\"Basilica Cafaggio Srl\",\"url\":\"https:\\\/\\\/www.cafaggio.wine\\\/\",\"logo\":{\"@type\":\"ImageObject\",\"inLanguage\":\"de\",\"@id\":\"https:\\\/\\\/www.cafaggio.wine\\\/#\\\/schema\\\/logo\\\/image\\\/\",\"url\":\"http:\\\/\\\/www.cafaggio.wine\\\/wp-content\\\/uploads\\\/2016\\\/05\\\/logo.jpg\",\"contentUrl\":\"http:\\\/\\\/www.cafaggio.wine\\\/wp-content\\\/uploads\\\/2016\\\/05\\\/logo.jpg\",\"width\":525,\"height\":280,\"caption\":\"Basilica Cafaggio Srl\"},\"image\":{\"@id\":\"https:\\\/\\\/www.cafaggio.wine\\\/#\\\/schema\\\/logo\\\/image\\\/\"}}]}<\/script>\n<!-- \/ Yoast SEO plugin. -->","yoast_head_json":{"title":"Das Weingut Cafaggio - Basilica Cafaggio","robots":{"index":"index","follow":"follow","max-snippet":"max-snippet:-1","max-image-preview":"max-image-preview:large","max-video-preview":"max-video-preview:-1"},"canonical":"https:\/\/www.cafaggio.wine\/de\/das-gut-cafaggio\/","og_locale":"de_DE","og_type":"article","og_title":"Das Weingut Cafaggio - Basilica Cafaggio","og_url":"https:\/\/www.cafaggio.wine\/de\/das-gut-cafaggio\/","og_site_name":"Basilica Cafaggio","article_modified_time":"2021-11-17T14:18:43+00:00","og_image":[{"width":2000,"height":1300,"url":"https:\/\/www.cafaggio.wine\/wp-content\/uploads\/2021\/01\/BasilicaCafaggio-13.jpg","type":"image\/jpeg"}],"twitter_card":"summary_large_image","twitter_misc":{"Gesch\u00e4tzte Lesezeit":"2\u00a0Minuten"},"schema":{"@context":"https:\/\/schema.org","@graph":[{"@type":"WebPage","@id":"https:\/\/www.cafaggio.wine\/de\/das-gut-cafaggio\/","url":"https:\/\/www.cafaggio.wine\/de\/das-gut-cafaggio\/","name":"Das Weingut Cafaggio - Basilica Cafaggio","isPartOf":{"@id":"https:\/\/www.cafaggio.wine\/#website"},"primaryImageOfPage":{"@id":"https:\/\/www.cafaggio.wine\/de\/das-gut-cafaggio\/#primaryimage"},"image":{"@id":"https:\/\/www.cafaggio.wine\/de\/das-gut-cafaggio\/#primaryimage"},"thumbnailUrl":"https:\/\/www.cafaggio.wine\/wp-content\/uploads\/2021\/01\/BasilicaCafaggio-13.jpg","datePublished":"2016-04-08T10:38:29+00:00","dateModified":"2021-11-17T14:18:43+00:00","breadcrumb":{"@id":"https:\/\/www.cafaggio.wine\/de\/das-gut-cafaggio\/#breadcrumb"},"inLanguage":"de","potentialAction":[{"@type":"ReadAction","target":["https:\/\/www.cafaggio.wine\/de\/das-gut-cafaggio\/"]}]},{"@type":"ImageObject","inLanguage":"de","@id":"https:\/\/www.cafaggio.wine\/de\/das-gut-cafaggio\/#primaryimage","url":"https:\/\/www.cafaggio.wine\/wp-content\/uploads\/2021\/01\/BasilicaCafaggio-13.jpg","contentUrl":"https:\/\/www.cafaggio.wine\/wp-content\/uploads\/2021\/01\/BasilicaCafaggio-13.jpg","width":2000,"height":1300},{"@type":"BreadcrumbList","@id":"https:\/\/www.cafaggio.wine\/de\/das-gut-cafaggio\/#breadcrumb","itemListElement":[{"@type":"ListItem","position":1,"name":"Home","item":"https:\/\/www.cafaggio.wine\/de\/"},{"@type":"ListItem","position":2,"name":"Das Weingut Cafaggio"}]},{"@type":"WebSite","@id":"https:\/\/www.cafaggio.wine\/#website","url":"https:\/\/www.cafaggio.wine\/","name":"Basilica Cafaggio","description":"Toscana","publisher":{"@id":"https:\/\/www.cafaggio.wine\/#organization"},"potentialAction":[{"@type":"SearchAction","target":{"@type":"EntryPoint","urlTemplate":"https:\/\/www.cafaggio.wine\/?s={search_term_string}"},"query-input":{"@type":"PropertyValueSpecification","valueRequired":true,"valueName":"search_term_string"}}],"inLanguage":"de"},{"@type":"Organization","@id":"https:\/\/www.cafaggio.wine\/#organization","name":"Basilica Cafaggio Srl","url":"https:\/\/www.cafaggio.wine\/","logo":{"@type":"ImageObject","inLanguage":"de","@id":"https:\/\/www.cafaggio.wine\/#\/schema\/logo\/image\/","url":"http:\/\/www.cafaggio.wine\/wp-content\/uploads\/2016\/05\/logo.jpg","contentUrl":"http:\/\/www.cafaggio.wine\/wp-content\/uploads\/2016\/05\/logo.jpg","width":525,"height":280,"caption":"Basilica Cafaggio Srl"},"image":{"@id":"https:\/\/www.cafaggio.wine\/#\/schema\/logo\/image\/"}}]}},"_links":{"self":[{"href":"https:\/\/www.cafaggio.wine\/de\/wp-json\/wp\/v2\/pages\/428","targetHints":{"allow":["GET"]}}],"collection":[{"href":"https:\/\/www.cafaggio.wine\/de\/wp-json\/wp\/v2\/pages"}],"about":[{"href":"https:\/\/www.cafaggio.wine\/de\/wp-json\/wp\/v2\/types\/page"}],"author":[{"embeddable":true,"href":"https:\/\/www.cafaggio.wine\/de\/wp-json\/wp\/v2\/users\/1"}],"replies":[{"embeddable":true,"href":"https:\/\/www.cafaggio.wine\/de\/wp-json\/wp\/v2\/comments?post=428"}],"version-history":[{"count":0,"href":"https:\/\/www.cafaggio.wine\/de\/wp-json\/wp\/v2\/pages\/428\/revisions"}],"wp:featuredmedia":[{"embeddable":true,"href":"https:\/\/www.cafaggio.wine\/de\/wp-json\/wp\/v2\/media\/1927"}],"wp:attachment":[{"href":"https:\/\/www.cafaggio.wine\/de\/wp-json\/wp\/v2\/media?parent=428"}],"curies":[{"name":"wp","href":"https:\/\/api.w.org\/{rel}","templated":true}]}}