{"id":404,"date":"2016-04-08T11:38:12","date_gmt":"2016-04-08T10:38:12","guid":{"rendered":"https:\/\/www.cafaggio.wine\/de\/la-storia\/"},"modified":"2020-06-11T09:06:18","modified_gmt":"2020-06-11T07:06:18","slug":"geschichte","status":"publish","type":"page","link":"https:\/\/www.cafaggio.wine\/de\/geschichte\/","title":{"rendered":"Die Geschichte"},"content":{"rendered":"<p style=\"text-align: justify;\">\n<div class=\"row\">\n<p style=\"text-align: justify;\">\n<div class=\"col-1\"><\/div>\n<div class=\"col-5\">Die Urspr\u00fcnge des Weinguts Cafaggio reichen bis in eine ferne Vergangenheit, ins Mittelalter, zur\u00fcck; <em><strong>das erste Schriftst\u00fcck \u00fcber die Existenz von Cafaggio stammt aus 1408<\/strong><\/em>, wie aus einem kostbaren Pergament hervorgeht, das im Archiv des Betriebs verwahrt wird.Damals nannte sich das Weingut \u201eCahago\u201c, was so viel wie \u201eeingez\u00e4untes, bebautes Feld\u201c hei\u00dft.<\/p>\n<p style=\"text-align: justify;\">Aus den Schriftst\u00fccken geht hervor, dass das Weingut Ende des 15. Jahrhunderts den Benediktinerm\u00f6nchen von Siena geh\u00f6rte, bevor es nacheinander in die H\u00e4nde diverser Eigent\u00fcmer gelangte, zu denen auch die ber\u00fchmte Florentiner Familie Niccolini geh\u00f6rte.\u00a0In neuerer Zeit wurde das Anwesen an das Florentiner Krankenhaus Santa Maria Nuova verkauft. Bereits zu dieser Zeit produzierte das Gut die verschiedensten Lebensmittel, darunter auch Wein und \u00d6l. Im 19. Jahrhundert ging Cafaggio dann an die Familie Boddi \u00fcber.<\/p>\n<p style=\"text-align: justify;\"><\/div>\n<div class=\"col-5\">\n<div class=\"page\" style=\"text-align: justify;\" title=\"Page 4\">\n<div class=\"section\">\n<div class=\"layoutArea\">\n<div class=\"column\">\n<p>Ende der 1960er Jahre wurde das Weingut von der Familie Farkas gekauft, die es urspr\u00fcnglich als Landhaus nutzte. 1967 befand es sich das Anwesen jedoch in einem so desolaten Zustand, dass die Familie Farkas nicht nur beschloss, die Keller zu restaurieren, sondern auch wieder <em>Wein und Oliven anzubauen.<\/em><\/p>\n<\/div>\n<\/div>\n<\/div>\n<\/div>\n<div class=\"page\" style=\"text-align: justify;\" title=\"Page 4\">\n<div class=\"section\">\n<div class=\"layoutArea\">\n<div class=\"column\">\n<p>Von 2005 bis 2015 wurde die Villa Cafaggio durch die La-Vis Gruppe kontrolliert. <em><strong>Seit 2016 ist sie Besitz von ISA S.p.A.<\/strong> <\/em>(Istituto Atesino di Sviluppo S.p.A.),\u00a0eine Beteiligungsgesellschaft gelegen in Trient. Das Ziel ist die Entwicklung von Cafaggio als eine Aufwertung des bestehenden Potentials, durch Investments und neue Strategien, die die Produktion des Weinguts auf den heute weitgehend globalisierten M\u00e4rkten aufwerten.<\/p>\n<\/div>\n<div class=\"col-1\"><\/div>\n<\/div>\n<\/div>\n<\/div>\n<\/div>\n<\/div>\n<p style=\"text-align: justify;\">\n<div class=\"row\">\n<div class=\"col-1\"><\/div>\n<div class=\"col-10\">Priorit\u00e4t hat dabei die <em><strong>akribische Aufmerksamkeit<\/strong><\/em>\u00a0f\u00fcr den Herstellungsprozess entlang der gesamten Produktionskette. Dies d\u00fcrfte eine weitere Qualit\u00e4tsverbesserung der Weine garantieren.<\/p>\n<p style=\"text-align: justify;\">Cafaggio ist darum bem\u00fcht, seiner Rolle als Nischenhersteller des Chianti Classico zu st\u00e4rken und die schon erreichte Position aufzuwerten und zu verbessern.<\/p>\n<p style=\"text-align: justify;\">\n<div class=\"col-1\"><\/div>\n<\/div>\n<p style=\"text-align: justify;\"><\/div><\/p>\n","protected":false},"excerpt":{"rendered":"<p style=\"text-align: justify;\">\n<p style=\"text-align: justify;\">\n","protected":false},"author":1,"featured_media":382,"parent":0,"menu_order":0,"comment_status":"closed","ping_status":"closed","template":"","meta":{"footnotes":""},"class_list":["post-404","page","type-page","status-publish","has-post-thumbnail","hentry"],"yoast_head":"<!-- This site is optimized with the Yoast SEO plugin v27.4 - https:\/\/yoast.com\/product\/yoast-seo-wordpress\/ -->\n<title>Die Geschichte - Basilica Cafaggio<\/title>\n<meta name=\"robots\" content=\"index, follow, max-snippet:-1, max-image-preview:large, max-video-preview:-1\" \/>\n<link rel=\"canonical\" href=\"https:\/\/www.cafaggio.wine\/de\/geschichte\/\" \/>\n<meta property=\"og:locale\" content=\"de_DE\" \/>\n<meta property=\"og:type\" content=\"article\" \/>\n<meta property=\"og:title\" content=\"Die Geschichte - Basilica Cafaggio\" \/>\n<meta property=\"og:url\" content=\"https:\/\/www.cafaggio.wine\/de\/geschichte\/\" \/>\n<meta property=\"og:site_name\" content=\"Basilica Cafaggio\" \/>\n<meta property=\"article:modified_time\" content=\"2020-06-11T07:06:18+00:00\" \/>\n<meta property=\"og:image\" content=\"https:\/\/www.cafaggio.wine\/wp-content\/uploads\/2016\/04\/pergamena.jpg\" \/>\n\t<meta property=\"og:image:width\" content=\"1600\" \/>\n\t<meta property=\"og:image:height\" content=\"955\" \/>\n\t<meta property=\"og:image:type\" content=\"image\/jpeg\" \/>\n<meta name=\"twitter:card\" content=\"summary_large_image\" \/>\n<meta name=\"twitter:label1\" content=\"Gesch\u00e4tzte Lesezeit\" \/>\n\t<meta name=\"twitter:data1\" content=\"2\u00a0Minuten\" \/>\n<script type=\"application\/ld+json\" class=\"yoast-schema-graph\">{\"@context\":\"https:\\\/\\\/schema.org\",\"@graph\":[{\"@type\":\"WebPage\",\"@id\":\"https:\\\/\\\/www.cafaggio.wine\\\/de\\\/geschichte\\\/\",\"url\":\"https:\\\/\\\/www.cafaggio.wine\\\/de\\\/geschichte\\\/\",\"name\":\"Die Geschichte - Basilica Cafaggio\",\"isPartOf\":{\"@id\":\"https:\\\/\\\/www.cafaggio.wine\\\/#website\"},\"primaryImageOfPage\":{\"@id\":\"https:\\\/\\\/www.cafaggio.wine\\\/de\\\/geschichte\\\/#primaryimage\"},\"image\":{\"@id\":\"https:\\\/\\\/www.cafaggio.wine\\\/de\\\/geschichte\\\/#primaryimage\"},\"thumbnailUrl\":\"https:\\\/\\\/www.cafaggio.wine\\\/wp-content\\\/uploads\\\/2016\\\/04\\\/pergamena.jpg\",\"datePublished\":\"2016-04-08T10:38:12+00:00\",\"dateModified\":\"2020-06-11T07:06:18+00:00\",\"breadcrumb\":{\"@id\":\"https:\\\/\\\/www.cafaggio.wine\\\/de\\\/geschichte\\\/#breadcrumb\"},\"inLanguage\":\"de\",\"potentialAction\":[{\"@type\":\"ReadAction\",\"target\":[\"https:\\\/\\\/www.cafaggio.wine\\\/de\\\/geschichte\\\/\"]}]},{\"@type\":\"ImageObject\",\"inLanguage\":\"de\",\"@id\":\"https:\\\/\\\/www.cafaggio.wine\\\/de\\\/geschichte\\\/#primaryimage\",\"url\":\"https:\\\/\\\/www.cafaggio.wine\\\/wp-content\\\/uploads\\\/2016\\\/04\\\/pergamena.jpg\",\"contentUrl\":\"https:\\\/\\\/www.cafaggio.wine\\\/wp-content\\\/uploads\\\/2016\\\/04\\\/pergamena.jpg\",\"width\":1600,\"height\":955},{\"@type\":\"BreadcrumbList\",\"@id\":\"https:\\\/\\\/www.cafaggio.wine\\\/de\\\/geschichte\\\/#breadcrumb\",\"itemListElement\":[{\"@type\":\"ListItem\",\"position\":1,\"name\":\"Home\",\"item\":\"https:\\\/\\\/www.cafaggio.wine\\\/de\\\/\"},{\"@type\":\"ListItem\",\"position\":2,\"name\":\"Die Geschichte\"}]},{\"@type\":\"WebSite\",\"@id\":\"https:\\\/\\\/www.cafaggio.wine\\\/#website\",\"url\":\"https:\\\/\\\/www.cafaggio.wine\\\/\",\"name\":\"Basilica Cafaggio\",\"description\":\"Toscana\",\"publisher\":{\"@id\":\"https:\\\/\\\/www.cafaggio.wine\\\/#organization\"},\"potentialAction\":[{\"@type\":\"SearchAction\",\"target\":{\"@type\":\"EntryPoint\",\"urlTemplate\":\"https:\\\/\\\/www.cafaggio.wine\\\/?s={search_term_string}\"},\"query-input\":{\"@type\":\"PropertyValueSpecification\",\"valueRequired\":true,\"valueName\":\"search_term_string\"}}],\"inLanguage\":\"de\"},{\"@type\":\"Organization\",\"@id\":\"https:\\\/\\\/www.cafaggio.wine\\\/#organization\",\"name\":\"Basilica Cafaggio Srl\",\"url\":\"https:\\\/\\\/www.cafaggio.wine\\\/\",\"logo\":{\"@type\":\"ImageObject\",\"inLanguage\":\"de\",\"@id\":\"https:\\\/\\\/www.cafaggio.wine\\\/#\\\/schema\\\/logo\\\/image\\\/\",\"url\":\"http:\\\/\\\/www.cafaggio.wine\\\/wp-content\\\/uploads\\\/2016\\\/05\\\/logo.jpg\",\"contentUrl\":\"http:\\\/\\\/www.cafaggio.wine\\\/wp-content\\\/uploads\\\/2016\\\/05\\\/logo.jpg\",\"width\":525,\"height\":280,\"caption\":\"Basilica Cafaggio Srl\"},\"image\":{\"@id\":\"https:\\\/\\\/www.cafaggio.wine\\\/#\\\/schema\\\/logo\\\/image\\\/\"}}]}<\/script>\n<!-- \/ Yoast SEO plugin. -->","yoast_head_json":{"title":"Die Geschichte - Basilica Cafaggio","robots":{"index":"index","follow":"follow","max-snippet":"max-snippet:-1","max-image-preview":"max-image-preview:large","max-video-preview":"max-video-preview:-1"},"canonical":"https:\/\/www.cafaggio.wine\/de\/geschichte\/","og_locale":"de_DE","og_type":"article","og_title":"Die Geschichte - Basilica Cafaggio","og_url":"https:\/\/www.cafaggio.wine\/de\/geschichte\/","og_site_name":"Basilica Cafaggio","article_modified_time":"2020-06-11T07:06:18+00:00","og_image":[{"width":1600,"height":955,"url":"https:\/\/www.cafaggio.wine\/wp-content\/uploads\/2016\/04\/pergamena.jpg","type":"image\/jpeg"}],"twitter_card":"summary_large_image","twitter_misc":{"Gesch\u00e4tzte Lesezeit":"2\u00a0Minuten"},"schema":{"@context":"https:\/\/schema.org","@graph":[{"@type":"WebPage","@id":"https:\/\/www.cafaggio.wine\/de\/geschichte\/","url":"https:\/\/www.cafaggio.wine\/de\/geschichte\/","name":"Die Geschichte - Basilica Cafaggio","isPartOf":{"@id":"https:\/\/www.cafaggio.wine\/#website"},"primaryImageOfPage":{"@id":"https:\/\/www.cafaggio.wine\/de\/geschichte\/#primaryimage"},"image":{"@id":"https:\/\/www.cafaggio.wine\/de\/geschichte\/#primaryimage"},"thumbnailUrl":"https:\/\/www.cafaggio.wine\/wp-content\/uploads\/2016\/04\/pergamena.jpg","datePublished":"2016-04-08T10:38:12+00:00","dateModified":"2020-06-11T07:06:18+00:00","breadcrumb":{"@id":"https:\/\/www.cafaggio.wine\/de\/geschichte\/#breadcrumb"},"inLanguage":"de","potentialAction":[{"@type":"ReadAction","target":["https:\/\/www.cafaggio.wine\/de\/geschichte\/"]}]},{"@type":"ImageObject","inLanguage":"de","@id":"https:\/\/www.cafaggio.wine\/de\/geschichte\/#primaryimage","url":"https:\/\/www.cafaggio.wine\/wp-content\/uploads\/2016\/04\/pergamena.jpg","contentUrl":"https:\/\/www.cafaggio.wine\/wp-content\/uploads\/2016\/04\/pergamena.jpg","width":1600,"height":955},{"@type":"BreadcrumbList","@id":"https:\/\/www.cafaggio.wine\/de\/geschichte\/#breadcrumb","itemListElement":[{"@type":"ListItem","position":1,"name":"Home","item":"https:\/\/www.cafaggio.wine\/de\/"},{"@type":"ListItem","position":2,"name":"Die Geschichte"}]},{"@type":"WebSite","@id":"https:\/\/www.cafaggio.wine\/#website","url":"https:\/\/www.cafaggio.wine\/","name":"Basilica Cafaggio","description":"Toscana","publisher":{"@id":"https:\/\/www.cafaggio.wine\/#organization"},"potentialAction":[{"@type":"SearchAction","target":{"@type":"EntryPoint","urlTemplate":"https:\/\/www.cafaggio.wine\/?s={search_term_string}"},"query-input":{"@type":"PropertyValueSpecification","valueRequired":true,"valueName":"search_term_string"}}],"inLanguage":"de"},{"@type":"Organization","@id":"https:\/\/www.cafaggio.wine\/#organization","name":"Basilica Cafaggio Srl","url":"https:\/\/www.cafaggio.wine\/","logo":{"@type":"ImageObject","inLanguage":"de","@id":"https:\/\/www.cafaggio.wine\/#\/schema\/logo\/image\/","url":"http:\/\/www.cafaggio.wine\/wp-content\/uploads\/2016\/05\/logo.jpg","contentUrl":"http:\/\/www.cafaggio.wine\/wp-content\/uploads\/2016\/05\/logo.jpg","width":525,"height":280,"caption":"Basilica Cafaggio Srl"},"image":{"@id":"https:\/\/www.cafaggio.wine\/#\/schema\/logo\/image\/"}}]}},"_links":{"self":[{"href":"https:\/\/www.cafaggio.wine\/de\/wp-json\/wp\/v2\/pages\/404","targetHints":{"allow":["GET"]}}],"collection":[{"href":"https:\/\/www.cafaggio.wine\/de\/wp-json\/wp\/v2\/pages"}],"about":[{"href":"https:\/\/www.cafaggio.wine\/de\/wp-json\/wp\/v2\/types\/page"}],"author":[{"embeddable":true,"href":"https:\/\/www.cafaggio.wine\/de\/wp-json\/wp\/v2\/users\/1"}],"replies":[{"embeddable":true,"href":"https:\/\/www.cafaggio.wine\/de\/wp-json\/wp\/v2\/comments?post=404"}],"version-history":[{"count":0,"href":"https:\/\/www.cafaggio.wine\/de\/wp-json\/wp\/v2\/pages\/404\/revisions"}],"wp:featuredmedia":[{"embeddable":true,"href":"https:\/\/www.cafaggio.wine\/de\/wp-json\/wp\/v2\/media\/382"}],"wp:attachment":[{"href":"https:\/\/www.cafaggio.wine\/de\/wp-json\/wp\/v2\/media?parent=404"}],"curies":[{"name":"wp","href":"https:\/\/api.w.org\/{rel}","templated":true}]}}