{"id":2121,"date":"2016-04-08T11:38:12","date_gmt":"2016-04-08T10:38:12","guid":{"rendered":"https:\/\/www.cafaggio.wine\/la-storia\/"},"modified":"2021-11-18T09:34:04","modified_gmt":"2021-11-18T07:34:04","slug":"la-storia","status":"publish","type":"page","link":"http:\/\/www.cafaggio.wine\/fr\/la-storia\/","title":{"rendered":"L\u2019histoire"},"content":{"rendered":"<p style=\"text-align: left;\">\n<div class=\"row\">\n<p style=\"text-align: justify;\">\n<div class=\"col-1\"><\/div>\n<div class=\"col-5\">Les origines du domaine de Cafaggio remontent \u00e0 un pass\u00e9 lointain, au Moyen \u00c2ge, et <strong><em>le premier document attestant de la pr\u00e9sence de Cafaggio remonte \u00e0 1408<\/em><\/strong>, comme l&rsquo;indique un pr\u00e9cieux parchemin conserv\u00e9 dans les archives du domaine. \u00c0 l&rsquo;\u00e9poque, le domaine s&rsquo;appelait \u00ab\u00a0Cahago\u00a0\u00bb, ce qui signifie champ clos et cultiv\u00e9.<\/p>\n<p>Des documents nous apprennent qu&rsquo;\u00e0 la fin du XVe si\u00e8cle, le domaine appartenait aux moines b\u00e9n\u00e9dictins de Sienne, avant de passer entre les mains de diff\u00e9rents propri\u00e9taires, dont la c\u00e9l\u00e8bre famille florentine, les Niccolini. \u00c0 l&rsquo;\u00e9poque moderne, la propri\u00e9t\u00e9 a \u00e9t\u00e9 vendue \u00e0 l&rsquo;h\u00f4pital florentin de Santa Maria Nuova et des documents montrent que, m\u00eame \u00e0 cette \u00e9poque, le domaine produisait une grande vari\u00e9t\u00e9 de produits alimentaires, notamment du vin et de l&rsquo;huile. Au XIXe si\u00e8cle, Cafaggio est pass\u00e9 aux mains de la famille Boddi.<\/p>\n<p style=\"text-align: left;\"><\/div>\n<div class=\"col-5\">\n<p>\u00c0 la fin des ann\u00e9es 1960, le domaine a \u00e9t\u00e9 achet\u00e9 par la famille Farkas, \u00e0 l&rsquo;origine comme une maison de campagne, mais en 1967, la propri\u00e9t\u00e9 \u00e9tait dans un tel \u00e9tat d&rsquo;abandon que les Farkas ont d\u00e9cid\u00e9 non seulement de restaurer les caves, mais aussi de replanter des vignes et des oliviers.<\/p>\n<p>De 2005 \u00e0 2015, la Villa Cafaggio a \u00e9t\u00e9 contr\u00f4l\u00e9e par le groupe La-Vis, et <strong><em>depuis 2016, elle est entre les mains d&rsquo;ISA S.p.A.<\/em><\/strong> (Istituto Atesino di Sviluppo S.p.A.), une soci\u00e9t\u00e9 holding bas\u00e9e \u00e0 Trente, qui a l&rsquo;intention d&rsquo;envisager le d\u00e9veloppement de Cafaggio en termes d&rsquo;am\u00e9lioration du potentiel existant par le biais d&rsquo;investissements et de nouvelles strat\u00e9gies susceptibles de valoriser la production du domaine sur les march\u00e9s hautement mondialis\u00e9s d&rsquo;aujourd&rsquo;hui.<\/div>\n<div class=\"col-1\"><\/div>\n<\/div>\n<p style=\"text-align: justify;\">\n<div class=\"row\">\n<div class=\"col-1\"><\/div>\n<div class=\"col-10\">L&rsquo;objectif principal sera donc d&rsquo;apporter <strong><em>un soin quasi maniaque au processus de production tout au long de la cha\u00eene<\/em><\/strong>. Cela garantira une nouvelle augmentation de la qualit\u00e9 de leurs vins. Cafaggio s&rsquo;engage \u00e0 renforcer son r\u00f4le de producteur de niche de Chianti Classico et \u00e0 am\u00e9liorer ce qui existe d\u00e9j\u00e0.<\/p>\n<p style=\"text-align: left;\">\n<div class=\"col-1\"><\/div>\n<\/div>\n<p style=\"text-align: left;\"><\/div><\/p>\n","protected":false},"excerpt":{"rendered":"<p style=\"text-align: left;\">\n<p style=\"text-align: justify;\">\n","protected":false},"author":1,"featured_media":2122,"parent":0,"menu_order":0,"comment_status":"closed","ping_status":"closed","template":"","meta":{"footnotes":""},"class_list":["post-2121","page","type-page","status-publish","has-post-thumbnail","hentry"],"yoast_head":"<!-- This site is optimized with the Yoast SEO plugin v27.4 - https:\/\/yoast.com\/product\/yoast-seo-wordpress\/ -->\n<title>Notre histoire | Basilica Cafaggio<\/title>\n<meta name=\"description\" content=\"Les origines du domaine de Cafaggio remontent \u00e0 un pass\u00e9 lointain, \u00e0 l&#039;\u00e9poque m\u00e9di\u00e9vale: le premier document attestant de la pr\u00e9sence de Cafaggio remonte \u00e0 1408.\" \/>\n<meta name=\"robots\" content=\"index, follow, max-snippet:-1, max-image-preview:large, max-video-preview:-1\" \/>\n<link rel=\"canonical\" href=\"http:\/\/www.cafaggio.wine\/fr\/la-storia\/\" \/>\n<meta property=\"og:locale\" content=\"fr_FR\" \/>\n<meta property=\"og:type\" content=\"article\" \/>\n<meta property=\"og:title\" content=\"Notre histoire | Basilica Cafaggio\" \/>\n<meta property=\"og:description\" content=\"Les origines du domaine de Cafaggio remontent \u00e0 un pass\u00e9 lointain, \u00e0 l&#039;\u00e9poque m\u00e9di\u00e9vale: le premier document attestant de la pr\u00e9sence de Cafaggio remonte \u00e0 1408.\" \/>\n<meta property=\"og:url\" content=\"http:\/\/www.cafaggio.wine\/fr\/la-storia\/\" \/>\n<meta property=\"og:site_name\" content=\"Basilica Cafaggio\" \/>\n<meta property=\"article:modified_time\" content=\"2021-11-18T07:34:04+00:00\" \/>\n<meta property=\"og:image\" content=\"http:\/\/www.cafaggio.wine\/wp-content\/uploads\/2016\/04\/pergamena.jpg\" \/>\n\t<meta property=\"og:image:width\" content=\"1600\" \/>\n\t<meta property=\"og:image:height\" content=\"955\" \/>\n\t<meta property=\"og:image:type\" content=\"image\/jpeg\" \/>\n<meta name=\"twitter:card\" content=\"summary_large_image\" \/>\n<meta name=\"twitter:label1\" content=\"Dur\u00e9e de lecture estim\u00e9e\" \/>\n\t<meta name=\"twitter:data1\" content=\"2 minutes\" \/>\n<script type=\"application\/ld+json\" class=\"yoast-schema-graph\">{\"@context\":\"https:\\\/\\\/schema.org\",\"@graph\":[{\"@type\":\"WebPage\",\"@id\":\"http:\\\/\\\/www.cafaggio.wine\\\/fr\\\/la-storia\\\/\",\"url\":\"http:\\\/\\\/www.cafaggio.wine\\\/fr\\\/la-storia\\\/\",\"name\":\"Notre histoire | Basilica Cafaggio\",\"isPartOf\":{\"@id\":\"https:\\\/\\\/www.cafaggio.wine\\\/#website\"},\"primaryImageOfPage\":{\"@id\":\"http:\\\/\\\/www.cafaggio.wine\\\/fr\\\/la-storia\\\/#primaryimage\"},\"image\":{\"@id\":\"http:\\\/\\\/www.cafaggio.wine\\\/fr\\\/la-storia\\\/#primaryimage\"},\"thumbnailUrl\":\"http:\\\/\\\/www.cafaggio.wine\\\/wp-content\\\/uploads\\\/2016\\\/04\\\/pergamena.jpg\",\"datePublished\":\"2016-04-08T10:38:12+00:00\",\"dateModified\":\"2021-11-18T07:34:04+00:00\",\"description\":\"Les origines du domaine de Cafaggio remontent \u00e0 un pass\u00e9 lointain, \u00e0 l'\u00e9poque m\u00e9di\u00e9vale: le premier document attestant de la pr\u00e9sence de Cafaggio remonte \u00e0 1408.\",\"breadcrumb\":{\"@id\":\"http:\\\/\\\/www.cafaggio.wine\\\/fr\\\/la-storia\\\/#breadcrumb\"},\"inLanguage\":\"fr-FR\",\"potentialAction\":[{\"@type\":\"ReadAction\",\"target\":[\"http:\\\/\\\/www.cafaggio.wine\\\/fr\\\/la-storia\\\/\"]}]},{\"@type\":\"ImageObject\",\"inLanguage\":\"fr-FR\",\"@id\":\"http:\\\/\\\/www.cafaggio.wine\\\/fr\\\/la-storia\\\/#primaryimage\",\"url\":\"http:\\\/\\\/www.cafaggio.wine\\\/wp-content\\\/uploads\\\/2016\\\/04\\\/pergamena.jpg\",\"contentUrl\":\"http:\\\/\\\/www.cafaggio.wine\\\/wp-content\\\/uploads\\\/2016\\\/04\\\/pergamena.jpg\",\"width\":1600,\"height\":955},{\"@type\":\"BreadcrumbList\",\"@id\":\"http:\\\/\\\/www.cafaggio.wine\\\/fr\\\/la-storia\\\/#breadcrumb\",\"itemListElement\":[{\"@type\":\"ListItem\",\"position\":1,\"name\":\"Home\",\"item\":\"http:\\\/\\\/www.cafaggio.wine\\\/fr\\\/\"},{\"@type\":\"ListItem\",\"position\":2,\"name\":\"L\u2019histoire\"}]},{\"@type\":\"WebSite\",\"@id\":\"https:\\\/\\\/www.cafaggio.wine\\\/#website\",\"url\":\"https:\\\/\\\/www.cafaggio.wine\\\/\",\"name\":\"Basilica Cafaggio\",\"description\":\"Toscana\",\"publisher\":{\"@id\":\"https:\\\/\\\/www.cafaggio.wine\\\/#organization\"},\"potentialAction\":[{\"@type\":\"SearchAction\",\"target\":{\"@type\":\"EntryPoint\",\"urlTemplate\":\"https:\\\/\\\/www.cafaggio.wine\\\/?s={search_term_string}\"},\"query-input\":{\"@type\":\"PropertyValueSpecification\",\"valueRequired\":true,\"valueName\":\"search_term_string\"}}],\"inLanguage\":\"fr-FR\"},{\"@type\":\"Organization\",\"@id\":\"https:\\\/\\\/www.cafaggio.wine\\\/#organization\",\"name\":\"Basilica Cafaggio Srl\",\"url\":\"https:\\\/\\\/www.cafaggio.wine\\\/\",\"logo\":{\"@type\":\"ImageObject\",\"inLanguage\":\"fr-FR\",\"@id\":\"https:\\\/\\\/www.cafaggio.wine\\\/#\\\/schema\\\/logo\\\/image\\\/\",\"url\":\"http:\\\/\\\/www.cafaggio.wine\\\/wp-content\\\/uploads\\\/2016\\\/05\\\/logo.jpg\",\"contentUrl\":\"http:\\\/\\\/www.cafaggio.wine\\\/wp-content\\\/uploads\\\/2016\\\/05\\\/logo.jpg\",\"width\":525,\"height\":280,\"caption\":\"Basilica Cafaggio Srl\"},\"image\":{\"@id\":\"https:\\\/\\\/www.cafaggio.wine\\\/#\\\/schema\\\/logo\\\/image\\\/\"}}]}<\/script>\n<!-- \/ Yoast SEO plugin. -->","yoast_head_json":{"title":"Notre histoire | Basilica Cafaggio","description":"Les origines du domaine de Cafaggio remontent \u00e0 un pass\u00e9 lointain, \u00e0 l'\u00e9poque m\u00e9di\u00e9vale: le premier document attestant de la pr\u00e9sence de Cafaggio remonte \u00e0 1408.","robots":{"index":"index","follow":"follow","max-snippet":"max-snippet:-1","max-image-preview":"max-image-preview:large","max-video-preview":"max-video-preview:-1"},"canonical":"http:\/\/www.cafaggio.wine\/fr\/la-storia\/","og_locale":"fr_FR","og_type":"article","og_title":"Notre histoire | Basilica Cafaggio","og_description":"Les origines du domaine de Cafaggio remontent \u00e0 un pass\u00e9 lointain, \u00e0 l'\u00e9poque m\u00e9di\u00e9vale: le premier document attestant de la pr\u00e9sence de Cafaggio remonte \u00e0 1408.","og_url":"http:\/\/www.cafaggio.wine\/fr\/la-storia\/","og_site_name":"Basilica Cafaggio","article_modified_time":"2021-11-18T07:34:04+00:00","og_image":[{"width":1600,"height":955,"url":"http:\/\/www.cafaggio.wine\/wp-content\/uploads\/2016\/04\/pergamena.jpg","type":"image\/jpeg"}],"twitter_card":"summary_large_image","twitter_misc":{"Dur\u00e9e de lecture estim\u00e9e":"2 minutes"},"schema":{"@context":"https:\/\/schema.org","@graph":[{"@type":"WebPage","@id":"http:\/\/www.cafaggio.wine\/fr\/la-storia\/","url":"http:\/\/www.cafaggio.wine\/fr\/la-storia\/","name":"Notre histoire | Basilica Cafaggio","isPartOf":{"@id":"https:\/\/www.cafaggio.wine\/#website"},"primaryImageOfPage":{"@id":"http:\/\/www.cafaggio.wine\/fr\/la-storia\/#primaryimage"},"image":{"@id":"http:\/\/www.cafaggio.wine\/fr\/la-storia\/#primaryimage"},"thumbnailUrl":"http:\/\/www.cafaggio.wine\/wp-content\/uploads\/2016\/04\/pergamena.jpg","datePublished":"2016-04-08T10:38:12+00:00","dateModified":"2021-11-18T07:34:04+00:00","description":"Les origines du domaine de Cafaggio remontent \u00e0 un pass\u00e9 lointain, \u00e0 l'\u00e9poque m\u00e9di\u00e9vale: le premier document attestant de la pr\u00e9sence de Cafaggio remonte \u00e0 1408.","breadcrumb":{"@id":"http:\/\/www.cafaggio.wine\/fr\/la-storia\/#breadcrumb"},"inLanguage":"fr-FR","potentialAction":[{"@type":"ReadAction","target":["http:\/\/www.cafaggio.wine\/fr\/la-storia\/"]}]},{"@type":"ImageObject","inLanguage":"fr-FR","@id":"http:\/\/www.cafaggio.wine\/fr\/la-storia\/#primaryimage","url":"http:\/\/www.cafaggio.wine\/wp-content\/uploads\/2016\/04\/pergamena.jpg","contentUrl":"http:\/\/www.cafaggio.wine\/wp-content\/uploads\/2016\/04\/pergamena.jpg","width":1600,"height":955},{"@type":"BreadcrumbList","@id":"http:\/\/www.cafaggio.wine\/fr\/la-storia\/#breadcrumb","itemListElement":[{"@type":"ListItem","position":1,"name":"Home","item":"http:\/\/www.cafaggio.wine\/fr\/"},{"@type":"ListItem","position":2,"name":"L\u2019histoire"}]},{"@type":"WebSite","@id":"https:\/\/www.cafaggio.wine\/#website","url":"https:\/\/www.cafaggio.wine\/","name":"Basilica Cafaggio","description":"Toscana","publisher":{"@id":"https:\/\/www.cafaggio.wine\/#organization"},"potentialAction":[{"@type":"SearchAction","target":{"@type":"EntryPoint","urlTemplate":"https:\/\/www.cafaggio.wine\/?s={search_term_string}"},"query-input":{"@type":"PropertyValueSpecification","valueRequired":true,"valueName":"search_term_string"}}],"inLanguage":"fr-FR"},{"@type":"Organization","@id":"https:\/\/www.cafaggio.wine\/#organization","name":"Basilica Cafaggio Srl","url":"https:\/\/www.cafaggio.wine\/","logo":{"@type":"ImageObject","inLanguage":"fr-FR","@id":"https:\/\/www.cafaggio.wine\/#\/schema\/logo\/image\/","url":"http:\/\/www.cafaggio.wine\/wp-content\/uploads\/2016\/05\/logo.jpg","contentUrl":"http:\/\/www.cafaggio.wine\/wp-content\/uploads\/2016\/05\/logo.jpg","width":525,"height":280,"caption":"Basilica Cafaggio Srl"},"image":{"@id":"https:\/\/www.cafaggio.wine\/#\/schema\/logo\/image\/"}}]}},"_links":{"self":[{"href":"http:\/\/www.cafaggio.wine\/fr\/wp-json\/wp\/v2\/pages\/2121","targetHints":{"allow":["GET"]}}],"collection":[{"href":"http:\/\/www.cafaggio.wine\/fr\/wp-json\/wp\/v2\/pages"}],"about":[{"href":"http:\/\/www.cafaggio.wine\/fr\/wp-json\/wp\/v2\/types\/page"}],"author":[{"embeddable":true,"href":"http:\/\/www.cafaggio.wine\/fr\/wp-json\/wp\/v2\/users\/1"}],"replies":[{"embeddable":true,"href":"http:\/\/www.cafaggio.wine\/fr\/wp-json\/wp\/v2\/comments?post=2121"}],"version-history":[{"count":0,"href":"http:\/\/www.cafaggio.wine\/fr\/wp-json\/wp\/v2\/pages\/2121\/revisions"}],"wp:featuredmedia":[{"embeddable":true,"href":"http:\/\/www.cafaggio.wine\/fr\/wp-json\/wp\/v2\/media\/2122"}],"wp:attachment":[{"href":"http:\/\/www.cafaggio.wine\/fr\/wp-json\/wp\/v2\/media?parent=2121"}],"curies":[{"name":"wp","href":"https:\/\/api.w.org\/{rel}","templated":true}]}}